{"id":348,"date":"2018-03-13T22:38:42","date_gmt":"2018-03-13T22:38:42","guid":{"rendered":"https:\/\/projekt-il.art\/?page_id=348"},"modified":"2022-09-16T10:59:58","modified_gmt":"2022-09-16T10:59:58","slug":"partner","status":"publish","type":"page","link":"https:\/\/www.projekt-il.art\/en\/about-projekt-il\/partner\/","title":{"rendered":"Team"},"content":{"rendered":"\n<div style=\"height:24px\" aria-hidden=\"true\" class=\"wp-block-spacer\"><\/div>\n\n\n<div class=\"gb-grid-wrapper gb-grid-wrapper-eb671a93\">\n<div class=\"gb-grid-column gb-grid-column-0d3e0c9b\"><div class=\"gb-container gb-container-0d3e0c9b\"><div class=\"gb-inside-container\">\n\n<h1 class=\"wp-block-heading\">Team<\/h1>\n\n\n\n<p style=\"font-size:24px\">projekt-il works with different partners in flexible artistic and participatory collaborations. Through the joint artistic and conceptual work, a team has come together that has significantly accompanied the work of projekt-il since 2015.<\/p>\n\n\n<div class=\"gb-grid-wrapper gb-grid-wrapper-98aaa266\">\n<div class=\"gb-grid-column gb-grid-column-969a3011\"><div class=\"gb-container gb-container-969a3011\"><div class=\"gb-inside-container\"><\/div><\/div><\/div>\n<\/div>\n<\/div><\/div><\/div>\n\n<div class=\"gb-grid-column gb-grid-column-53255d34\"><div class=\"gb-container gb-container-53255d34\"><div class=\"gb-inside-container\"><\/div><\/div><\/div>\n<\/div>\n\n\n<div style=\"height:50px\" aria-hidden=\"true\" class=\"wp-block-spacer\"><\/div>\n\n\n<div class=\"gb-grid-wrapper gb-grid-wrapper-0dac2b16\">\n<div class=\"gb-grid-column gb-grid-column-a0461ad0\"><div class=\"gb-container gb-container-a0461ad0\"><div class=\"gb-inside-container\">\n\n<figure class=\"wp-block-image size-large\"><img loading=\"lazy\" decoding=\"async\" width=\"1400\" height=\"788\" src=\"https:\/\/www.projekt-il.art\/en\/wp-content\/uploads\/sites\/2\/2021\/02\/projekt_il-Team-Bianca_Kuenzel-foto-XX-1400x788.jpg\" alt=\"\" class=\"wp-image-2264\" srcset=\"https:\/\/www.projekt-il.art\/en\/wp-content\/uploads\/sites\/2\/2021\/02\/projekt_il-Team-Bianca_Kuenzel-foto-XX-1400x788.jpg 1400w, https:\/\/www.projekt-il.art\/en\/wp-content\/uploads\/sites\/2\/2021\/02\/projekt_il-Team-Bianca_Kuenzel-foto-XX-555x312.jpg 555w, https:\/\/www.projekt-il.art\/en\/wp-content\/uploads\/sites\/2\/2021\/02\/projekt_il-Team-Bianca_Kuenzel-foto-XX-768x432.jpg 768w, https:\/\/www.projekt-il.art\/en\/wp-content\/uploads\/sites\/2\/2021\/02\/projekt_il-Team-Bianca_Kuenzel-foto-XX-1536x864.jpg 1536w, https:\/\/www.projekt-il.art\/en\/wp-content\/uploads\/sites\/2\/2021\/02\/projekt_il-Team-Bianca_Kuenzel-foto-XX.jpg 1600w\" sizes=\"auto, (max-width: 1400px) 100vw, 1400px\" \/><\/figure>\n\n<\/div><\/div><\/div>\n\n<div class=\"gb-grid-column gb-grid-column-ed41c416\"><div class=\"gb-container gb-container-ed41c416\"><div class=\"gb-inside-container\">\n\n<p><strong>Bianca K\u00fcnzel<\/strong> <em>Freelance Actress, Speaker and Performer<\/em><br>lives and works as a freelance actress, speaker and performer in D\u00fcsseldorf. Guest engagements have taken her to the Nationaltheater Weimar, the D\u00fcsseldorfer Schauspielhaus, the Ruhrtriennale and the FFT D\u00fcsseldorf, where she worked with Christoph Schlingensief and Luk Perceval, among others. In various regular collaborations, including with kainkollektiv and her own artist collectives projekt-il and waltraud900, she creates theatrical scores between theatre, installation and performance that directly address issues of public space.<\/p>\n\n<\/div><\/div><\/div>\n<\/div>\n\n\n<div style=\"height:50px\" aria-hidden=\"true\" class=\"wp-block-spacer\"><\/div>\n\n\n<div class=\"gb-grid-wrapper gb-grid-wrapper-818cfb1f\">\n<div class=\"gb-grid-column gb-grid-column-efaa1c10\"><div class=\"gb-container gb-container-efaa1c10\"><div class=\"gb-inside-container\">\n\n<figure class=\"wp-block-image size-large\"><img loading=\"lazy\" decoding=\"async\" width=\"1400\" height=\"788\" src=\"https:\/\/www.projekt-il.art\/en\/wp-content\/uploads\/sites\/2\/2021\/02\/projekt_il-Team-Alexander_Steindorf-foto-XX-1400x788.jpg\" alt=\"\" class=\"wp-image-2265\" srcset=\"https:\/\/www.projekt-il.art\/en\/wp-content\/uploads\/sites\/2\/2021\/02\/projekt_il-Team-Alexander_Steindorf-foto-XX-1400x788.jpg 1400w, https:\/\/www.projekt-il.art\/en\/wp-content\/uploads\/sites\/2\/2021\/02\/projekt_il-Team-Alexander_Steindorf-foto-XX-555x312.jpg 555w, https:\/\/www.projekt-il.art\/en\/wp-content\/uploads\/sites\/2\/2021\/02\/projekt_il-Team-Alexander_Steindorf-foto-XX-768x432.jpg 768w, https:\/\/www.projekt-il.art\/en\/wp-content\/uploads\/sites\/2\/2021\/02\/projekt_il-Team-Alexander_Steindorf-foto-XX-1536x864.jpg 1536w, https:\/\/www.projekt-il.art\/en\/wp-content\/uploads\/sites\/2\/2021\/02\/projekt_il-Team-Alexander_Steindorf-foto-XX.jpg 1600w\" sizes=\"auto, (max-width: 1400px) 100vw, 1400px\" \/><\/figure>\n\n<\/div><\/div><\/div>\n\n<div class=\"gb-grid-column gb-grid-column-2502b9c5\"><div class=\"gb-container gb-container-2502b9c5\"><div class=\"gb-inside-container\">\n\n<p><strong><strong>Alexander Steindorf<\/strong> <\/strong><em>Actor, Director and Author<\/em><br>studied visual communication at the Bauhaus University in Weimar. He worked as an actor at the German National Theatre in Weimar and the D\u00fcsseldorf Schauspielhaus, among others. Since 2007 he has also realised his own projects as an actor and director. He was awarded the Gustaf Theatre Price 2015 as the best actor of the Junges Schauspielhaus. Together with Bianca K\u00fcnzel, he founded projekt-il and has since directed at the D\u00fcsseldorf Schauspielhaus, the FFT D\u00fcsseldorf and the Nationaltheater Weimar.<\/p>\n\n<\/div><\/div><\/div>\n<\/div>\n\n\n<div style=\"height:50px\" aria-hidden=\"true\" class=\"wp-block-spacer\"><\/div>\n\n\n<div class=\"gb-grid-wrapper gb-grid-wrapper-f1f952c9\">\n<div class=\"gb-grid-column gb-grid-column-017ab112\"><div class=\"gb-container gb-container-017ab112\"><div class=\"gb-inside-container\">\n\n<figure class=\"wp-block-image size-large\"><img loading=\"lazy\" decoding=\"async\" width=\"1400\" height=\"788\" src=\"https:\/\/www.projekt-il.art\/en\/wp-content\/uploads\/sites\/2\/2021\/02\/projekt_il-Team-Matts_Johan_Leenders-foto-XX-1400x788.jpg\" alt=\"\" class=\"wp-image-2261\" srcset=\"https:\/\/www.projekt-il.art\/en\/wp-content\/uploads\/sites\/2\/2021\/02\/projekt_il-Team-Matts_Johan_Leenders-foto-XX-1400x788.jpg 1400w, https:\/\/www.projekt-il.art\/en\/wp-content\/uploads\/sites\/2\/2021\/02\/projekt_il-Team-Matts_Johan_Leenders-foto-XX-555x312.jpg 555w, https:\/\/www.projekt-il.art\/en\/wp-content\/uploads\/sites\/2\/2021\/02\/projekt_il-Team-Matts_Johan_Leenders-foto-XX-768x432.jpg 768w, https:\/\/www.projekt-il.art\/en\/wp-content\/uploads\/sites\/2\/2021\/02\/projekt_il-Team-Matts_Johan_Leenders-foto-XX-1536x864.jpg 1536w, https:\/\/www.projekt-il.art\/en\/wp-content\/uploads\/sites\/2\/2021\/02\/projekt_il-Team-Matts_Johan_Leenders-foto-XX.jpg 1600w\" sizes=\"auto, (max-width: 1400px) 100vw, 1400px\" \/><\/figure>\n\n<\/div><\/div><\/div>\n\n<div class=\"gb-grid-column gb-grid-column-44468547\"><div class=\"gb-container gb-container-44468547\"><div class=\"gb-inside-container\">\n\n<p><strong><strong><strong>Matts Johan Leenders<\/strong><\/strong><\/strong><em> Musician, Composer and Graduate Engineer in sound and image technology<\/em><br>At the theatre he works as a composer, musical director, sound designer, sound engineer or on stage as a multi-instrumentalist and singer. In addition, Leenders is active as a choir director and pianist in gospel music, in 2011 he received the WDR Jazz Prize in the category for young musicians with the FH Big Band, and in 2012 his first book &#8222;Sound for Video Games&#8220; was published. He was responsible as musical director and composer for the recitals Heart of Gold, Boys don&#8217;t cry and girls just want to have fun, I build my time and Alice (all directed by Andr\u00e9 Kaczmarczyk) at the D\u00fcsseldorf Schauspielhaus. He has been working with projekt-il since 2015.<\/p>\n\n<\/div><\/div><\/div>\n<\/div>\n\n\n<div style=\"height:50px\" aria-hidden=\"true\" class=\"wp-block-spacer\"><\/div>\n\n\n<div class=\"gb-grid-wrapper gb-grid-wrapper-0296bf89\">\n<div class=\"gb-grid-column gb-grid-column-6a9c3259\"><div class=\"gb-container gb-container-6a9c3259\"><div class=\"gb-inside-container\">\n\n<figure class=\"wp-block-image size-large\"><img loading=\"lazy\" decoding=\"async\" width=\"1400\" height=\"788\" src=\"https:\/\/www.projekt-il.art\/en\/wp-content\/uploads\/sites\/2\/2021\/02\/projekt_il-Team-Dorle_Trachternach-foto-XX-1400x788.jpg\" alt=\"\" class=\"wp-image-2263\" srcset=\"https:\/\/www.projekt-il.art\/en\/wp-content\/uploads\/sites\/2\/2021\/02\/projekt_il-Team-Dorle_Trachternach-foto-XX-1400x788.jpg 1400w, https:\/\/www.projekt-il.art\/en\/wp-content\/uploads\/sites\/2\/2021\/02\/projekt_il-Team-Dorle_Trachternach-foto-XX-555x312.jpg 555w, https:\/\/www.projekt-il.art\/en\/wp-content\/uploads\/sites\/2\/2021\/02\/projekt_il-Team-Dorle_Trachternach-foto-XX-768x432.jpg 768w, https:\/\/www.projekt-il.art\/en\/wp-content\/uploads\/sites\/2\/2021\/02\/projekt_il-Team-Dorle_Trachternach-foto-XX-1536x864.jpg 1536w, https:\/\/www.projekt-il.art\/en\/wp-content\/uploads\/sites\/2\/2021\/02\/projekt_il-Team-Dorle_Trachternach-foto-XX.jpg 1600w\" sizes=\"auto, (max-width: 1400px) 100vw, 1400px\" \/><\/figure>\n\n<\/div><\/div><\/div>\n\n<div class=\"gb-grid-column gb-grid-column-ee64c50a\"><div class=\"gb-container gb-container-ee64c50a\"><div class=\"gb-inside-container\">\n\n<p><strong><strong><strong>Dorle Trachternach <\/strong><\/strong><\/strong><em>Author and Dramaturge<\/em><br>studied creative writing and cultural journalism at the University of Hildesheim. Since graduating, she has worked as an author and dramaturge with experts at the interface of research and overwriting. She has worked for the Deutsches Theater Berlin (2011 and 2020), the Staatsschauspiel Dresden (2010 and 2011) and Mousonturm Frankfurt (2020). Since 2016, she has worked primarily at the B\u00fcrgerb\u00fchne of the D\u00fcsseldorf Schauspielhaus, including in A Midsummer Night&#8217;s Dream directed by Joanna Praml (nominated for the FAUST for Best Director 2016) and Peer Gynt directed by Felix Krakau (awarded the K\u00f6rber Studio Prize for Young Directors 2018). She has had an ongoing collaboration with projekt-il since 2015.<\/p>\n\n<\/div><\/div><\/div>\n<\/div>\n\n\n<div style=\"height:50px\" aria-hidden=\"true\" class=\"wp-block-spacer\"><\/div>\n\n\n<div class=\"gb-grid-wrapper gb-grid-wrapper-1f647a77\">\n<div class=\"gb-grid-column gb-grid-column-64a7b8a6\"><div class=\"gb-container gb-container-64a7b8a6\"><div class=\"gb-inside-container\">\n\n<figure class=\"wp-block-image size-large\"><img loading=\"lazy\" decoding=\"async\" width=\"1400\" height=\"788\" src=\"https:\/\/www.projekt-il.art\/en\/wp-content\/uploads\/sites\/2\/2021\/02\/projekt_il-Team-Katrin_Wiesemann-foto-XX-1400x788.jpg\" alt=\"\" class=\"wp-image-2285\" srcset=\"https:\/\/www.projekt-il.art\/en\/wp-content\/uploads\/sites\/2\/2021\/02\/projekt_il-Team-Katrin_Wiesemann-foto-XX-1400x788.jpg 1400w, https:\/\/www.projekt-il.art\/en\/wp-content\/uploads\/sites\/2\/2021\/02\/projekt_il-Team-Katrin_Wiesemann-foto-XX-555x312.jpg 555w, https:\/\/www.projekt-il.art\/en\/wp-content\/uploads\/sites\/2\/2021\/02\/projekt_il-Team-Katrin_Wiesemann-foto-XX-768x432.jpg 768w, https:\/\/www.projekt-il.art\/en\/wp-content\/uploads\/sites\/2\/2021\/02\/projekt_il-Team-Katrin_Wiesemann-foto-XX-1536x864.jpg 1536w, https:\/\/www.projekt-il.art\/en\/wp-content\/uploads\/sites\/2\/2021\/02\/projekt_il-Team-Katrin_Wiesemann-foto-XX.jpg 1600w\" sizes=\"auto, (max-width: 1400px) 100vw, 1400px\" \/><\/figure>\n\n<\/div><\/div><\/div>\n\n<div class=\"gb-grid-column gb-grid-column-186c5c07\"><div class=\"gb-container gb-container-186c5c07\"><div class=\"gb-inside-container\">\n\n<p><strong><strong><strong>Katrin Wiesemann <\/strong><\/strong><\/strong><em>Production Manager<\/em><br>studied Media and Cultural Studies, B.A., and Business Administration, B.Sc., at Heinrich Heine University D\u00fcsseldorf. She worked at the D\u00fcsseldorf cultural festival altstadtherbst, at European Film Promotion in Hamburg and at the event agency passepartout GmbH. From 2013, she worked as an assistant to the artistic direction at the Pforzheim Theatre, the Constance Theatre and the Oberhausen Theatre, before starting to work as freelance production manager in 2020 and she now works on projects ranging from dance to new music to drama in the independent scene.<\/p>\n\n<\/div><\/div><\/div>\n<\/div>\n\n\n<div style=\"height:50px\" aria-hidden=\"true\" class=\"wp-block-spacer\"><\/div>\n","protected":false},"excerpt":{"rendered":"","protected":false},"author":3,"featured_media":0,"parent":8,"menu_order":0,"comment_status":"closed","ping_status":"closed","template":"","meta":{"_acf_changed":false,"footnotes":""},"class_list":["post-348","page","type-page","status-publish"],"acf":[],"_links":{"self":[{"href":"https:\/\/www.projekt-il.art\/en\/wp-json\/wp\/v2\/pages\/348","targetHints":{"allow":["GET"]}}],"collection":[{"href":"https:\/\/www.projekt-il.art\/en\/wp-json\/wp\/v2\/pages"}],"about":[{"href":"https:\/\/www.projekt-il.art\/en\/wp-json\/wp\/v2\/types\/page"}],"author":[{"embeddable":true,"href":"https:\/\/www.projekt-il.art\/en\/wp-json\/wp\/v2\/users\/3"}],"replies":[{"embeddable":true,"href":"https:\/\/www.projekt-il.art\/en\/wp-json\/wp\/v2\/comments?post=348"}],"version-history":[{"count":46,"href":"https:\/\/www.projekt-il.art\/en\/wp-json\/wp\/v2\/pages\/348\/revisions"}],"predecessor-version":[{"id":2853,"href":"https:\/\/www.projekt-il.art\/en\/wp-json\/wp\/v2\/pages\/348\/revisions\/2853"}],"up":[{"embeddable":true,"href":"https:\/\/www.projekt-il.art\/en\/wp-json\/wp\/v2\/pages\/8"}],"wp:attachment":[{"href":"https:\/\/www.projekt-il.art\/en\/wp-json\/wp\/v2\/media?parent=348"}],"curies":[{"name":"wp","href":"https:\/\/api.w.org\/{rel}","templated":true}]}}